{"id":1821,"date":"2017-12-28T15:49:47","date_gmt":"2017-12-28T14:49:47","guid":{"rendered":"http:\/\/multipleweb.wpengine.com\/home\/"},"modified":"2021-03-23T14:08:31","modified_gmt":"2021-03-23T13:08:31","slug":"home","status":"publish","type":"page","link":"https:\/\/multiplestudio.org\/en\/","title":{"rendered":"Home"},"content":{"rendered":"<div class=\"wpb-content-wrapper\">[vc_row css=&#8221;.vc_custom_1557485941819{margin-top: 8% !important;margin-bottom: 6% !important;}&#8221;][vc_column animation=&#8221;animation bottom-to-top&#8221;][vc_column_text el_class=&#8221;home-phrase&#8221;]\n<h1>Focused on<br \/>\nthe main thing<\/h1>\n[\/vc_column_text][\/vc_column][\/vc_row][vc_row el_class=&#8221;portfolio-destacado-home&#8221; css=&#8221;.vc_custom_1557486030145{margin-bottom: 1.8rem !important;}&#8221;][vc_column el_class=&#8221;destacado-home-16-9&#8243;]\t<div class=\"thb-portfolio masonry row\">\r\n\t\t<div class=\"thb-cat-branding-en thb-cat-destacado-home-en small-12 hover-style1 title-topleft  dark-title type-portfolio columns portfolio-style1 post-3173 portfolio status-publish has-post-thumbnail hentry tag-branding-en tag-rfef-en tag-strategy project-category-branding-en project-category-destacado-home-en\" id=\"portfolio-3173\">\r\n\t<div class=\"portfolio-holder\" style=\"padding-bottom: 75%\">\r\n\t\t<div class=\"thb-placeholder first\"><img loading=\"lazy\" decoding=\"async\" width=\"900\" height=\"675\" src=\"https:\/\/multiplestudio.org\/wp-content\/uploads\/2022\/11\/00-Futbol-Spain-Team-03-20x15.jpg\" class=\"attachment-notio-masonry-x3 size-notio-masonry-x3 thb-lazyload lazyload wp-post-image\" alt=\"Escudo - Selecci\u00f3n Espa\u00f1ola de F\u00fatbol - multipleStudio\" sizes=\"auto, (max-width: 900px) 100vw, 900px\" data-src=\"https:\/\/multiplestudio.org\/wp-content\/uploads\/2022\/11\/00-Futbol-Spain-Team-03-900x675.jpg\" data-sizes=\"auto\" data-srcset=\"https:\/\/multiplestudio.org\/wp-content\/uploads\/2022\/11\/00-Futbol-Spain-Team-03-900x675.jpg 900w, https:\/\/multiplestudio.org\/wp-content\/uploads\/2022\/11\/00-Futbol-Spain-Team-03-300x225.jpg 300w, https:\/\/multiplestudio.org\/wp-content\/uploads\/2022\/11\/00-Futbol-Spain-Team-03-1024x768.jpg 1024w, https:\/\/multiplestudio.org\/wp-content\/uploads\/2022\/11\/00-Futbol-Spain-Team-03-768x576.jpg 768w, https:\/\/multiplestudio.org\/wp-content\/uploads\/2022\/11\/00-Futbol-Spain-Team-03-1536x1152.jpg 1536w, https:\/\/multiplestudio.org\/wp-content\/uploads\/2022\/11\/00-Futbol-Spain-Team-03-150x113.jpg 150w, https:\/\/multiplestudio.org\/wp-content\/uploads\/2022\/11\/00-Futbol-Spain-Team-03-600x450.jpg 600w, https:\/\/multiplestudio.org\/wp-content\/uploads\/2022\/11\/00-Futbol-Spain-Team-03-20x16.jpg 20w, https:\/\/multiplestudio.org\/wp-content\/uploads\/2022\/11\/00-Futbol-Spain-Team-03.jpg 1920w\" \/><\/div>\r\n\t\t\t\t\t\t<a href=\"https:\/\/multiplestudio.org\/en\/portfolio\/seleccion-espanola-de-futbol-crest-and-visual-identity\/\" rel=\"bookmark\" class=\"portfolio-link portfolio-link\">\r\n\t\t\t<h2><span><span class=\"cliente-titulo\">Selecci\u00f3n Espa\u00f1ola de F\u00fatbol <\/span><br>Crest and Visual Identity<\/span><\/h2>\r\n\t\t\t\t\t\t<aside class=\"thb-categories\"><span>Branding, destacado-home-en<\/span><\/aside>\r\n\t\t\t\t\t<\/a>\r\n\t<\/div>\r\n<\/div>\r\n\t\t<\/div>\r\n\r\n\t[\/vc_column][\/vc_row][vc_row][vc_column]\r\n\t<section class=\"thb-portfolio masonry row thb_margins thb-filter-style1\" data-thb-animation=\"\" data-thb-animation-speed=\"\" data-loadmore=\"#loadmore-68\" data-filter=\"thb-filter-68\" data-security=\"6fc56992de\">\r\n\r\n\t\t\t\t<div class=\"thb-cat-branding-en thb-cat-home-en small-12 large-6 padding-1 hover-style1 title-topleft  dark-title type-portfolio columns portfolio-style1 post-3043 portfolio status-publish has-post-thumbnail hentry project-category-branding-en project-category-home-en\" id=\"portfolio-3043\">\r\n\t<div class=\"portfolio-holder\" style=\"padding-bottom: 75%\">\r\n\t\t<div class=\"thb-placeholder first\"><img loading=\"lazy\" decoding=\"async\" width=\"900\" height=\"675\" src=\"https:\/\/multiplestudio.org\/wp-content\/uploads\/2022\/11\/00-WildORCA-2-20x15.jpg\" class=\"attachment-notio-masonry-x3 size-notio-masonry-x3 thb-lazyload lazyload wp-post-image\" alt=\"\" sizes=\"auto, (max-width: 900px) 100vw, 900px\" data-src=\"https:\/\/multiplestudio.org\/wp-content\/uploads\/2022\/11\/00-WildORCA-2-900x675.jpg\" data-sizes=\"auto\" data-srcset=\"https:\/\/multiplestudio.org\/wp-content\/uploads\/2022\/11\/00-WildORCA-2-900x675.jpg 900w, https:\/\/multiplestudio.org\/wp-content\/uploads\/2022\/11\/00-WildORCA-2-300x225.jpg 300w, https:\/\/multiplestudio.org\/wp-content\/uploads\/2022\/11\/00-WildORCA-2-1024x768.jpg 1024w, https:\/\/multiplestudio.org\/wp-content\/uploads\/2022\/11\/00-WildORCA-2-768x576.jpg 768w, https:\/\/multiplestudio.org\/wp-content\/uploads\/2022\/11\/00-WildORCA-2-1536x1152.jpg 1536w, https:\/\/multiplestudio.org\/wp-content\/uploads\/2022\/11\/00-WildORCA-2-150x113.jpg 150w, https:\/\/multiplestudio.org\/wp-content\/uploads\/2022\/11\/00-WildORCA-2-600x450.jpg 600w, https:\/\/multiplestudio.org\/wp-content\/uploads\/2022\/11\/00-WildORCA-2-20x16.jpg 20w, https:\/\/multiplestudio.org\/wp-content\/uploads\/2022\/11\/00-WildORCA-2.jpg 1920w\" \/><\/div>\r\n\t\t\t\t\t\t<a href=\"https:\/\/multiplestudio.org\/en\/portfolio\/wild-orca-branding-and-visual-identity\/\" rel=\"bookmark\" class=\"portfolio-link portfolio-link\">\r\n\t\t\t<h2><span><span class=\"cliente-titulo\">Wild Orca <\/span><br>Branding and visual identity<\/span><\/h2>\r\n\t\t\t\t\t\t<aside class=\"thb-categories\"><span>Branding, home-en<\/span><\/aside>\r\n\t\t\t\t\t<\/a>\r\n\t<\/div>\r\n<\/div>\r\n\t<div class=\"thb-cat-branding-en thb-cat-digital-en thb-cat-editorial-en thb-cat-home-en small-12 large-6 padding-1 hover-style1 title-topleft  dark-title type-portfolio columns portfolio-style1 post-1882 portfolio status-publish has-post-thumbnail hentry tag-arco-en tag-branding-en tag-editorial-en tag-strategy tag-ux-ui-en project-category-branding-en project-category-digital-en project-category-editorial-en project-category-home-en\" id=\"portfolio-1882\">\r\n\t<div class=\"portfolio-holder\" style=\"padding-bottom: 75%\">\r\n\t\t<div class=\"thb-placeholder first\"><img loading=\"lazy\" decoding=\"async\" width=\"900\" height=\"675\" src=\"https:\/\/multiplestudio.org\/wp-content\/uploads\/2019\/08\/00_Projects-e1575585170287-20x15.jpg\" class=\"attachment-notio-masonry-x3 size-notio-masonry-x3 thb-lazyload lazyload wp-post-image\" alt=\"dise\u00f1o branding web fotograf\u00eda ARCO\" sizes=\"auto, (max-width: 900px) 100vw, 900px\" data-src=\"https:\/\/multiplestudio.org\/wp-content\/uploads\/2019\/08\/00_Projects-e1575585170287-900x675.jpg\" data-sizes=\"auto\" data-srcset=\"https:\/\/multiplestudio.org\/wp-content\/uploads\/2019\/08\/00_Projects-e1575585170287-900x675.jpg 900w, https:\/\/multiplestudio.org\/wp-content\/uploads\/2019\/08\/00_Projects-e1575585170287-300x225.jpg 300w, https:\/\/multiplestudio.org\/wp-content\/uploads\/2019\/08\/00_Projects-e1575585170287-768x576.jpg 768w, https:\/\/multiplestudio.org\/wp-content\/uploads\/2019\/08\/00_Projects-e1575585170287-1024x768.jpg 1024w, https:\/\/multiplestudio.org\/wp-content\/uploads\/2019\/08\/00_Projects-e1575585170287-150x113.jpg 150w, https:\/\/multiplestudio.org\/wp-content\/uploads\/2019\/08\/00_Projects-e1575585170287-600x450.jpg 600w, https:\/\/multiplestudio.org\/wp-content\/uploads\/2019\/08\/00_Projects-e1575585170287-20x16.jpg 20w\" \/><\/div>\r\n\t\t\t\t\t\t<a href=\"https:\/\/multiplestudio.org\/en\/portfolio\/arco-visual-identity-system\/\" rel=\"bookmark\" class=\"portfolio-link portfolio-link\">\r\n\t\t\t<h2><span><span class=\"cliente-titulo\">ARCO <\/span><br>Visual identity system<\/span><\/h2>\r\n\t\t\t\t\t\t<aside class=\"thb-categories\"><span>Branding, Digital, Editorial, home-en<\/span><\/aside>\r\n\t\t\t\t\t<\/a>\r\n\t<\/div>\r\n<\/div>\r\n\t<div class=\"thb-cat-branding-en thb-cat-home-en small-12 large-6 padding-1 hover-style1 title-topleft  dark-title type-portfolio columns portfolio-style1 post-2915 portfolio status-publish has-post-thumbnail hentry tag-branding-en tag-rfef-en tag-strategy project-category-branding-en project-category-home-en\" id=\"portfolio-2915\">\r\n\t<div class=\"portfolio-holder\" style=\"padding-bottom: 75%\">\r\n\t\t<div class=\"thb-placeholder first\"><img loading=\"lazy\" decoding=\"async\" width=\"900\" height=\"675\" src=\"https:\/\/multiplestudio.org\/wp-content\/uploads\/2022\/11\/00-RFEF-multipleStudio-Balon-20x15.jpg\" class=\"attachment-notio-masonry-x3 size-notio-masonry-x3 thb-lazyload lazyload wp-post-image\" alt=\"\" sizes=\"auto, (max-width: 900px) 100vw, 900px\" data-src=\"https:\/\/multiplestudio.org\/wp-content\/uploads\/2022\/11\/00-RFEF-multipleStudio-Balon-900x675.jpg\" data-sizes=\"auto\" data-srcset=\"https:\/\/multiplestudio.org\/wp-content\/uploads\/2022\/11\/00-RFEF-multipleStudio-Balon-900x675.jpg 900w, https:\/\/multiplestudio.org\/wp-content\/uploads\/2022\/11\/00-RFEF-multipleStudio-Balon-300x225.jpg 300w, https:\/\/multiplestudio.org\/wp-content\/uploads\/2022\/11\/00-RFEF-multipleStudio-Balon-1024x768.jpg 1024w, https:\/\/multiplestudio.org\/wp-content\/uploads\/2022\/11\/00-RFEF-multipleStudio-Balon-768x576.jpg 768w, https:\/\/multiplestudio.org\/wp-content\/uploads\/2022\/11\/00-RFEF-multipleStudio-Balon-1536x1152.jpg 1536w, https:\/\/multiplestudio.org\/wp-content\/uploads\/2022\/11\/00-RFEF-multipleStudio-Balon-150x113.jpg 150w, https:\/\/multiplestudio.org\/wp-content\/uploads\/2022\/11\/00-RFEF-multipleStudio-Balon-600x450.jpg 600w, https:\/\/multiplestudio.org\/wp-content\/uploads\/2022\/11\/00-RFEF-multipleStudio-Balon-20x16.jpg 20w, https:\/\/multiplestudio.org\/wp-content\/uploads\/2022\/11\/00-RFEF-multipleStudio-Balon.jpg 1920w\" \/><\/div>\r\n\t\t\t\t\t\t<a href=\"https:\/\/multiplestudio.org\/en\/portfolio\/rfef-rebranding-and-visual-identity\/\" rel=\"bookmark\" class=\"portfolio-link portfolio-link\">\r\n\t\t\t<h2><span><span class=\"cliente-titulo\">Royal Spanish Football Federation <\/span><br>Rebranding and visual identity<\/span><\/h2>\r\n\t\t\t\t\t\t<aside class=\"thb-categories\"><span>Branding, home-en<\/span><\/aside>\r\n\t\t\t\t\t<\/a>\r\n\t<\/div>\r\n<\/div>\r\n\t<div class=\"thb-cat-editorial-en thb-cat-home-en thb-cat-multiple-en thb-cat-photography small-12 large-6 padding-1 hover-style1 title-topleft  dark-title type-portfolio columns portfolio-style1 post-2197 portfolio status-publish has-post-thumbnail hentry tag-editorial-en tag-illustration tag-magazines project-category-editorial-en project-category-home-en project-category-multiple-en project-category-photography\" id=\"portfolio-2197\">\r\n\t<div class=\"portfolio-holder\" style=\"padding-bottom: 75%\">\r\n\t\t<div class=\"thb-placeholder first\"><img loading=\"lazy\" decoding=\"async\" width=\"900\" height=\"675\" src=\"https:\/\/multiplestudio.org\/wp-content\/uploads\/2019\/05\/destacada_1.jpg\" class=\"attachment-notio-masonry-x3 size-notio-masonry-x3 thb-lazyload lazyload wp-post-image\" alt=\"\" sizes=\"auto, (max-width: 900px) 100vw, 900px\" data-src=\"https:\/\/multiplestudio.org\/wp-content\/uploads\/2019\/05\/destacada_1.jpg\" data-sizes=\"auto\" data-srcset=\"https:\/\/multiplestudio.org\/wp-content\/uploads\/2019\/05\/destacada_1.jpg 1280w, https:\/\/multiplestudio.org\/wp-content\/uploads\/2019\/05\/destacada_1-300x225.jpg 300w, https:\/\/multiplestudio.org\/wp-content\/uploads\/2019\/05\/destacada_1-768x576.jpg 768w, https:\/\/multiplestudio.org\/wp-content\/uploads\/2019\/05\/destacada_1-1024x768.jpg 1024w\" \/><\/div>\r\n\t\t\t\t\t\t<a href=\"https:\/\/multiplestudio.org\/en\/portfolio\/unesco-in-focus-magazine-n2\/\" rel=\"bookmark\" class=\"portfolio-link portfolio-link\">\r\n\t\t\t<h2><span><span class=\"cliente-titulo\">IBE &#8211; UNESCO <\/span><br>In Focus Magazine N\u00ba2<\/span><\/h2>\r\n\t\t\t\t\t\t<aside class=\"thb-categories\"><span>Editorial, home-en, multiple-en, Photography<\/span><\/aside>\r\n\t\t\t\t\t<\/a>\r\n\t<\/div>\r\n<\/div>\r\n\t<div class=\"thb-cat-branding-en thb-cat-digital-en thb-cat-home-en small-12 large-6 padding-1 hover-style1 title-topleft  dark-title type-portfolio columns portfolio-style1 post-1893 portfolio status-publish has-post-thumbnail hentry tag-aena-en tag-editorial-en tag-iconography project-category-branding-en project-category-digital-en project-category-home-en\" id=\"portfolio-1893\">\r\n\t<div class=\"portfolio-holder\" style=\"padding-bottom: 75%\">\r\n\t\t<div class=\"thb-placeholder first\"><img loading=\"lazy\" decoding=\"async\" width=\"900\" height=\"675\" src=\"https:\/\/multiplestudio.org\/wp-content\/uploads\/2019\/05\/destacada-e1575585638130-20x15.jpg\" class=\"attachment-notio-masonry-x3 size-notio-masonry-x3 thb-lazyload lazyload wp-post-image\" alt=\"\" sizes=\"auto, (max-width: 900px) 100vw, 900px\" data-src=\"https:\/\/multiplestudio.org\/wp-content\/uploads\/2019\/05\/destacada-e1575585638130-900x675.jpg\" data-sizes=\"auto\" data-srcset=\"https:\/\/multiplestudio.org\/wp-content\/uploads\/2019\/05\/destacada-e1575585638130-900x675.jpg 900w, https:\/\/multiplestudio.org\/wp-content\/uploads\/2019\/05\/destacada-e1575585638130-300x225.jpg 300w, https:\/\/multiplestudio.org\/wp-content\/uploads\/2019\/05\/destacada-e1575585638130-768x576.jpg 768w, https:\/\/multiplestudio.org\/wp-content\/uploads\/2019\/05\/destacada-e1575585638130-1024x768.jpg 1024w, https:\/\/multiplestudio.org\/wp-content\/uploads\/2019\/05\/destacada-e1575585638130-150x113.jpg 150w, https:\/\/multiplestudio.org\/wp-content\/uploads\/2019\/05\/destacada-e1575585638130-600x450.jpg 600w, https:\/\/multiplestudio.org\/wp-content\/uploads\/2019\/05\/destacada-e1575585638130-20x16.jpg 20w, https:\/\/multiplestudio.org\/wp-content\/uploads\/2019\/05\/destacada-e1575585638130.jpg 1280w\" \/><\/div>\r\n\t\t\t\t\t\t<a href=\"https:\/\/multiplestudio.org\/en\/portfolio\/aena-visual-language\/\" rel=\"bookmark\" class=\"portfolio-link portfolio-link\">\r\n\t\t\t<h2><span><span class=\"cliente-titulo\">Aena <\/span><br>Visual language<\/span><\/h2>\r\n\t\t\t\t\t\t<aside class=\"thb-categories\"><span>Branding, Digital, home-en<\/span><\/aside>\r\n\t\t\t\t\t<\/a>\r\n\t<\/div>\r\n<\/div>\r\n\t<div class=\"thb-cat-branding-en thb-cat-editorial-en thb-cat-home-en thb-cat-photography small-12 large-6 padding-1 hover-style1 title-topleft  dark-title type-portfolio columns portfolio-style1 post-1823 portfolio status-publish has-post-thumbnail hentry tag-branding-en tag-editorial-en tag-enaire-en tag-photography-2-en tag-photography project-category-branding-en project-category-editorial-en project-category-home-en project-category-photography\" id=\"portfolio-1823\">\r\n\t<div class=\"portfolio-holder\" style=\"padding-bottom: 75%\">\r\n\t\t<div class=\"thb-placeholder first\"><img loading=\"lazy\" decoding=\"async\" width=\"900\" height=\"675\" src=\"https:\/\/multiplestudio.org\/wp-content\/uploads\/2019\/05\/destacada-1.jpg\" class=\"attachment-notio-masonry-x3 size-notio-masonry-x3 thb-lazyload lazyload wp-post-image\" alt=\"\" sizes=\"auto, (max-width: 900px) 100vw, 900px\" data-src=\"https:\/\/multiplestudio.org\/wp-content\/uploads\/2019\/05\/destacada-1.jpg\" data-sizes=\"auto\" data-srcset=\"https:\/\/multiplestudio.org\/wp-content\/uploads\/2019\/05\/destacada-1.jpg 1280w, https:\/\/multiplestudio.org\/wp-content\/uploads\/2019\/05\/destacada-1-300x225.jpg 300w, https:\/\/multiplestudio.org\/wp-content\/uploads\/2019\/05\/destacada-1-768x576.jpg 768w, https:\/\/multiplestudio.org\/wp-content\/uploads\/2019\/05\/destacada-1-1024x768.jpg 1024w\" \/><\/div>\r\n\t\t\t\t\t\t<a href=\"https:\/\/multiplestudio.org\/en\/portfolio\/enaire-identity-and-visual-language\/\" rel=\"bookmark\" class=\"portfolio-link portfolio-link\">\r\n\t\t\t<h2><span><span class=\"cliente-titulo\">Enaire <\/span><br>Identity and visual language<\/span><\/h2>\r\n\t\t\t\t\t\t<aside class=\"thb-categories\"><span>Branding, Editorial, home-en, Photography<\/span><\/aside>\r\n\t\t\t\t\t<\/a>\r\n\t<\/div>\r\n<\/div>\r\n\t\t<\/section>\r\n\t\r\n\t[\/vc_column][\/vc_row]\n<\/div>","protected":false},"excerpt":{"rendered":"<p>[vc_row css=&#8221;.vc_custom_1557485941819{margin-top: 8% !important;margin-bottom: 6% !important;}&#8221;][vc_column animation=&#8221;animation bottom-to-top&#8221;][vc_column_text el_class=&#8221;home-phrase&#8221;] Focused on the main thing [\/vc_column_text][\/vc_column][\/vc_row][vc_row el_class=&#8221;portfolio-destacado-home&#8221; css=&#8221;.vc_custom_1557486030145{margin-bottom: 1.8rem !important;}&#8221;][vc_column el_class=&#8221;destacado-home-16-9&#8243;][\/vc_column][\/vc_row][vc_row][vc_column][\/vc_column][\/vc_row]<\/p>\n","protected":false},"author":1,"featured_media":2705,"parent":0,"menu_order":0,"comment_status":"closed","ping_status":"closed","template":"","meta":{"footnotes":""},"class_list":["post-1821","page","type-page","status-publish","has-post-thumbnail","hentry"],"yoast_head":"<!-- This site is optimized with the Yoast SEO plugin v27.3 - https:\/\/yoast.com\/product\/yoast-seo-wordpress\/ -->\n<title>multipleStudio \u2014 Graphic Design, Branding, Web, Photography, Talents<\/title>\n<meta name=\"description\" content=\"We are multipleStudio, specialized in graphic design, branding, editorial, packaging, web and photography, creating from Madrid and Ibiza.\" \/>\n<meta name=\"robots\" content=\"index, follow, max-snippet:-1, max-image-preview:large, max-video-preview:-1\" \/>\n<link rel=\"canonical\" href=\"https:\/\/multiplestudio.org\/en\/\" \/>\n<meta property=\"og:locale\" content=\"en_US\" \/>\n<meta property=\"og:type\" content=\"article\" \/>\n<meta property=\"og:title\" content=\"multipleStudio \u2014 Graphic Design, Branding, Web, Photography, Talents\" \/>\n<meta property=\"og:description\" content=\"We are multipleStudio, specialized in graphic design, branding, editorial, packaging, web and photography, creating from Madrid and Ibiza.\" \/>\n<meta property=\"og:url\" content=\"https:\/\/multiplestudio.org\/en\/\" \/>\n<meta property=\"og:site_name\" content=\"multipleStudio \u2014 Graphic Design, Branding, Web, Photography, Talents\" \/>\n<meta property=\"article:modified_time\" content=\"2021-03-23T13:08:31+00:00\" \/>\n<meta property=\"og:image\" content=\"https:\/\/multiplestudio.org\/wp-content\/uploads\/2019\/12\/Home-destacada.jpg\" \/>\n\t<meta property=\"og:image:width\" content=\"1280\" \/>\n\t<meta property=\"og:image:height\" content=\"960\" \/>\n\t<meta property=\"og:image:type\" content=\"image\/jpeg\" \/>\n<meta name=\"twitter:card\" content=\"summary_large_image\" \/>\n<meta name=\"twitter:label1\" content=\"Est. reading time\" \/>\n\t<meta name=\"twitter:data1\" content=\"1 minute\" \/>\n<script type=\"application\/ld+json\" class=\"yoast-schema-graph\">{\"@context\":\"https:\\\/\\\/schema.org\",\"@graph\":[{\"@type\":\"WebPage\",\"@id\":\"https:\\\/\\\/multiplestudio.org\\\/en\\\/\",\"url\":\"https:\\\/\\\/multiplestudio.org\\\/en\\\/\",\"name\":\"multipleStudio \u2014 Graphic Design, Branding, Web, Photography, Talents\",\"isPartOf\":{\"@id\":\"https:\\\/\\\/multiplestudio.org\\\/en\\\/#website\"},\"primaryImageOfPage\":{\"@id\":\"https:\\\/\\\/multiplestudio.org\\\/en\\\/#primaryimage\"},\"image\":{\"@id\":\"https:\\\/\\\/multiplestudio.org\\\/en\\\/#primaryimage\"},\"thumbnailUrl\":\"https:\\\/\\\/multiplestudio.org\\\/wp-content\\\/uploads\\\/2019\\\/12\\\/Home-destacada.jpg\",\"datePublished\":\"2017-12-28T14:49:47+00:00\",\"dateModified\":\"2021-03-23T13:08:31+00:00\",\"description\":\"We are multipleStudio, specialized in graphic design, branding, editorial, packaging, web and photography, creating from Madrid and Ibiza.\",\"breadcrumb\":{\"@id\":\"https:\\\/\\\/multiplestudio.org\\\/en\\\/#breadcrumb\"},\"inLanguage\":\"en-US\",\"potentialAction\":[{\"@type\":\"ReadAction\",\"target\":[\"https:\\\/\\\/multiplestudio.org\\\/en\\\/\"]}]},{\"@type\":\"ImageObject\",\"inLanguage\":\"en-US\",\"@id\":\"https:\\\/\\\/multiplestudio.org\\\/en\\\/#primaryimage\",\"url\":\"https:\\\/\\\/multiplestudio.org\\\/wp-content\\\/uploads\\\/2019\\\/12\\\/Home-destacada.jpg\",\"contentUrl\":\"https:\\\/\\\/multiplestudio.org\\\/wp-content\\\/uploads\\\/2019\\\/12\\\/Home-destacada.jpg\",\"width\":1280,\"height\":960,\"caption\":\"Home multipleStudio\"},{\"@type\":\"BreadcrumbList\",\"@id\":\"https:\\\/\\\/multiplestudio.org\\\/en\\\/#breadcrumb\",\"itemListElement\":[{\"@type\":\"ListItem\",\"position\":1,\"name\":\"Front cover\",\"item\":\"https:\\\/\\\/multiplestudio.org\\\/en\\\/\"},{\"@type\":\"ListItem\",\"position\":2,\"name\":\"Home\"}]},{\"@type\":\"WebSite\",\"@id\":\"https:\\\/\\\/multiplestudio.org\\\/en\\\/#website\",\"url\":\"https:\\\/\\\/multiplestudio.org\\\/en\\\/\",\"name\":\"multipleStudio \u2014 Graphic Design, Branding, Web, Photography, Talents\",\"description\":\"We are multipleStudio, specialized in graphic design, branding, editorial, packaging, web and photography, creating from Madrid and Ibiza.\",\"publisher\":{\"@id\":\"https:\\\/\\\/multiplestudio.org\\\/en\\\/#organization\"},\"potentialAction\":[{\"@type\":\"SearchAction\",\"target\":{\"@type\":\"EntryPoint\",\"urlTemplate\":\"https:\\\/\\\/multiplestudio.org\\\/en\\\/?s={search_term_string}\"},\"query-input\":{\"@type\":\"PropertyValueSpecification\",\"valueRequired\":true,\"valueName\":\"search_term_string\"}}],\"inLanguage\":\"en-US\"},{\"@type\":\"Organization\",\"@id\":\"https:\\\/\\\/multiplestudio.org\\\/en\\\/#organization\",\"name\":\"multipleStudio\",\"url\":\"https:\\\/\\\/multiplestudio.org\\\/en\\\/\",\"logo\":{\"@type\":\"ImageObject\",\"inLanguage\":\"en-US\",\"@id\":\"https:\\\/\\\/multiplestudio.org\\\/en\\\/#\\\/schema\\\/logo\\\/image\\\/\",\"url\":\"https:\\\/\\\/multiplestudio.org\\\/wp-content\\\/uploads\\\/2017\\\/12\\\/multiplestudio-1.png\",\"contentUrl\":\"https:\\\/\\\/multiplestudio.org\\\/wp-content\\\/uploads\\\/2017\\\/12\\\/multiplestudio-1.png\",\"width\":520,\"height\":80,\"caption\":\"multipleStudio\"},\"image\":{\"@id\":\"https:\\\/\\\/multiplestudio.org\\\/en\\\/#\\\/schema\\\/logo\\\/image\\\/\"},\"sameAs\":[\"https:\\\/\\\/www.instagram.com\\\/multiple_studio\\\/\",\"https:\\\/\\\/www.linkedin.com\\\/company\\\/multiplestudio\\\/\"]}]}<\/script>\n<!-- \/ Yoast SEO plugin. -->","yoast_head_json":{"title":"multipleStudio \u2014 Graphic Design, Branding, Web, Photography, Talents","description":"We are multipleStudio, specialized in graphic design, branding, editorial, packaging, web and photography, creating from Madrid and Ibiza.","robots":{"index":"index","follow":"follow","max-snippet":"max-snippet:-1","max-image-preview":"max-image-preview:large","max-video-preview":"max-video-preview:-1"},"canonical":"https:\/\/multiplestudio.org\/en\/","og_locale":"en_US","og_type":"article","og_title":"multipleStudio \u2014 Graphic Design, Branding, Web, Photography, Talents","og_description":"We are multipleStudio, specialized in graphic design, branding, editorial, packaging, web and photography, creating from Madrid and Ibiza.","og_url":"https:\/\/multiplestudio.org\/en\/","og_site_name":"multipleStudio \u2014 Graphic Design, Branding, Web, Photography, Talents","article_modified_time":"2021-03-23T13:08:31+00:00","og_image":[{"width":1280,"height":960,"url":"https:\/\/multiplestudio.org\/wp-content\/uploads\/2019\/12\/Home-destacada.jpg","type":"image\/jpeg"}],"twitter_card":"summary_large_image","twitter_misc":{"Est. reading time":"1 minute"},"schema":{"@context":"https:\/\/schema.org","@graph":[{"@type":"WebPage","@id":"https:\/\/multiplestudio.org\/en\/","url":"https:\/\/multiplestudio.org\/en\/","name":"multipleStudio \u2014 Graphic Design, Branding, Web, Photography, Talents","isPartOf":{"@id":"https:\/\/multiplestudio.org\/en\/#website"},"primaryImageOfPage":{"@id":"https:\/\/multiplestudio.org\/en\/#primaryimage"},"image":{"@id":"https:\/\/multiplestudio.org\/en\/#primaryimage"},"thumbnailUrl":"https:\/\/multiplestudio.org\/wp-content\/uploads\/2019\/12\/Home-destacada.jpg","datePublished":"2017-12-28T14:49:47+00:00","dateModified":"2021-03-23T13:08:31+00:00","description":"We are multipleStudio, specialized in graphic design, branding, editorial, packaging, web and photography, creating from Madrid and Ibiza.","breadcrumb":{"@id":"https:\/\/multiplestudio.org\/en\/#breadcrumb"},"inLanguage":"en-US","potentialAction":[{"@type":"ReadAction","target":["https:\/\/multiplestudio.org\/en\/"]}]},{"@type":"ImageObject","inLanguage":"en-US","@id":"https:\/\/multiplestudio.org\/en\/#primaryimage","url":"https:\/\/multiplestudio.org\/wp-content\/uploads\/2019\/12\/Home-destacada.jpg","contentUrl":"https:\/\/multiplestudio.org\/wp-content\/uploads\/2019\/12\/Home-destacada.jpg","width":1280,"height":960,"caption":"Home multipleStudio"},{"@type":"BreadcrumbList","@id":"https:\/\/multiplestudio.org\/en\/#breadcrumb","itemListElement":[{"@type":"ListItem","position":1,"name":"Front cover","item":"https:\/\/multiplestudio.org\/en\/"},{"@type":"ListItem","position":2,"name":"Home"}]},{"@type":"WebSite","@id":"https:\/\/multiplestudio.org\/en\/#website","url":"https:\/\/multiplestudio.org\/en\/","name":"multipleStudio \u2014 Graphic Design, Branding, Web, Photography, Talents","description":"We are multipleStudio, specialized in graphic design, branding, editorial, packaging, web and photography, creating from Madrid and Ibiza.","publisher":{"@id":"https:\/\/multiplestudio.org\/en\/#organization"},"potentialAction":[{"@type":"SearchAction","target":{"@type":"EntryPoint","urlTemplate":"https:\/\/multiplestudio.org\/en\/?s={search_term_string}"},"query-input":{"@type":"PropertyValueSpecification","valueRequired":true,"valueName":"search_term_string"}}],"inLanguage":"en-US"},{"@type":"Organization","@id":"https:\/\/multiplestudio.org\/en\/#organization","name":"multipleStudio","url":"https:\/\/multiplestudio.org\/en\/","logo":{"@type":"ImageObject","inLanguage":"en-US","@id":"https:\/\/multiplestudio.org\/en\/#\/schema\/logo\/image\/","url":"https:\/\/multiplestudio.org\/wp-content\/uploads\/2017\/12\/multiplestudio-1.png","contentUrl":"https:\/\/multiplestudio.org\/wp-content\/uploads\/2017\/12\/multiplestudio-1.png","width":520,"height":80,"caption":"multipleStudio"},"image":{"@id":"https:\/\/multiplestudio.org\/en\/#\/schema\/logo\/image\/"},"sameAs":["https:\/\/www.instagram.com\/multiple_studio\/","https:\/\/www.linkedin.com\/company\/multiplestudio\/"]}]}},"_links":{"self":[{"href":"https:\/\/multiplestudio.org\/en\/wp-json\/wp\/v2\/pages\/1821","targetHints":{"allow":["GET"]}}],"collection":[{"href":"https:\/\/multiplestudio.org\/en\/wp-json\/wp\/v2\/pages"}],"about":[{"href":"https:\/\/multiplestudio.org\/en\/wp-json\/wp\/v2\/types\/page"}],"author":[{"embeddable":true,"href":"https:\/\/multiplestudio.org\/en\/wp-json\/wp\/v2\/users\/1"}],"replies":[{"embeddable":true,"href":"https:\/\/multiplestudio.org\/en\/wp-json\/wp\/v2\/comments?post=1821"}],"version-history":[{"count":0,"href":"https:\/\/multiplestudio.org\/en\/wp-json\/wp\/v2\/pages\/1821\/revisions"}],"wp:featuredmedia":[{"embeddable":true,"href":"https:\/\/multiplestudio.org\/en\/wp-json\/wp\/v2\/media\/2705"}],"wp:attachment":[{"href":"https:\/\/multiplestudio.org\/en\/wp-json\/wp\/v2\/media?parent=1821"}],"curies":[{"name":"wp","href":"https:\/\/api.w.org\/{rel}","templated":true}]}}